{"id":737,"date":"2022-02-25T19:33:42","date_gmt":"2022-02-25T19:33:42","guid":{"rendered":"https:\/\/fundacionenter.org\/?page_id=737"},"modified":"2022-03-05T23:45:31","modified_gmt":"2022-03-05T23:45:31","slug":"convocatorias","status":"publish","type":"page","link":"https:\/\/fundacionenter.org\/index.php\/convocatorias\/","title":{"rendered":"Convocatorias"},"content":{"rendered":"<section class=\"kc-elm kc-css-195128 kc_row\"><div class=\"kc-row-container  kc-container\"><div class=\"kc-wrap-columns\"><div class=\"kc-elm kc-css-426021 kc_col-sm-6 kc_column kc_col-sm-6\"><div class=\"kc-col-container\">\t\r\n\t\t<div class=\"single-video kc-elm kc-css-815844\">\r\n\t\t\r\n\t\t\r\n\t\t\t\t\t\t<div class=\"em-video-image\">\t\r\n\t\t\t\t<img decoding=\"async\" src=\"https:\/\/fundacionenter.org\/wp-content\/uploads\/2022\/03\/image003-scaled.jpg\" alt=\"insert image\" \/>\r\n\t\t\t<\/div>\r\n\t\t\t\t\t\t\t\t\t\r\n\t\t\t\r\n\t\t\t<div class=\"choose-video-icon\">\t\r\n\r\n\t\t\t\r\n\t\t\t\t<div class=\"video-icon\">\r\n\t\t\t\t\t\t\t\t\t\t\t\t\t\t\t\r\n\t\t\t\t\t\r\n\t\t\t\t\t\r\n\t\t\t\t\t\t\t\t\t\t\r\n\t\t\t\t\r\n\t\t\t\t<\/div>\r\n\t\t\t\r\n\t\t\t\t\r\n\t\t\t\r\n\t\t\t<\/div>\r\n\t\t\t\r\n\t\t<\/div>\t \r\n\t \r\n\t \r\n\t<\/div><\/div><div class=\"kc-elm kc-css-183814 kc_col-sm-6 kc_column kc_col-sm-6\"><div class=\"kc-col-container\">\n<div class=\"kc-elm kc-css-154965 kc-title-wrap \">\n\n\t<h1 class=\"kc_title\">Convocatoria J\u00f3venes TIC<\/h1>\n<\/div>\n<div class=\"kc-elm kc-css-971004 kc_text_block\"><\/p>\n<p style=\"text-align: left;\"><span style=\"font-style: inherit;\">Bienvenida!!! Agradecemos tu inter\u00e9s por la convocatoria Jovenes TIC 2022.&nbsp; Este programa esta pensado para ti que tienes inter\u00e9s en la tecnolog\u00eda y muchas ganas de crecer profesionalmente.&nbsp;&nbsp; Gracias a un grupo de personas y organizaciones preocupadas por el futuro de nue<\/span><span style=\"font-style: inherit;\">stro pa\u00eds es que tenemos la oportunidad de ofrecer este programa de manera gratuita asi que Registrate!! Es una gran oportunidad.&nbsp; Esperamos conocernos pronto.&nbsp; Si no eres seleccionada, no te desanimes, estaremos trabajando en nuevas convocatorias para ti, asi que no te desconectes y siguenos e<\/span><span style=\"font-style: inherit;\">n nuestras redes sociales.<\/span><\/p>\n<\/p>\n<p style=\"text-align: left;\"><span style=\"font-style: inherit;\">Muchas gracias por tu participaci\u00f3n.<\/span><\/p>\n<p>\n<\/div>\n<div class=\"kc-elm kc-css-885133 kc-pro-button kc-button-main\">\n\t<a href=\"https:\/\/fundacionenter.org\/index.php\/convocatoria-jovenes-tic\/\">\n\t\t<span class=\"creative_title\">Ver +<\/span> <span class=\"creative_icon creative_icon_right\"> <i class=\"et-notebook\"><\/i> <\/span>\t<\/a>\n<\/div>\n<\/div><\/div><\/div><\/div><\/section>\n","protected":false},"excerpt":{"rendered":"","protected":false},"author":1,"featured_media":0,"parent":0,"menu_order":0,"comment_status":"closed","ping_status":"closed","template":"","meta":{"_monsterinsights_skip_tracking":false,"_monsterinsights_sitenote_active":false,"_monsterinsights_sitenote_note":"","_monsterinsights_sitenote_category":0,"footnotes":""},"class_list":["post-737","page","type-page","status-publish","hentry"],"aioseo_notices":[],"_links":{"self":[{"href":"https:\/\/fundacionenter.org\/index.php\/wp-json\/wp\/v2\/pages\/737","targetHints":{"allow":["GET"]}}],"collection":[{"href":"https:\/\/fundacionenter.org\/index.php\/wp-json\/wp\/v2\/pages"}],"about":[{"href":"https:\/\/fundacionenter.org\/index.php\/wp-json\/wp\/v2\/types\/page"}],"author":[{"embeddable":true,"href":"https:\/\/fundacionenter.org\/index.php\/wp-json\/wp\/v2\/users\/1"}],"replies":[{"embeddable":true,"href":"https:\/\/fundacionenter.org\/index.php\/wp-json\/wp\/v2\/comments?post=737"}],"version-history":[{"count":30,"href":"https:\/\/fundacionenter.org\/index.php\/wp-json\/wp\/v2\/pages\/737\/revisions"}],"predecessor-version":[{"id":761,"href":"https:\/\/fundacionenter.org\/index.php\/wp-json\/wp\/v2\/pages\/737\/revisions\/761"}],"wp:attachment":[{"href":"https:\/\/fundacionenter.org\/index.php\/wp-json\/wp\/v2\/media?parent=737"}],"curies":[{"name":"wp","href":"https:\/\/api.w.org\/{rel}","templated":true}]}}