{"id":322,"date":"2017-10-04T15:48:05","date_gmt":"2017-10-04T15:48:05","guid":{"rendered":"http:\/\/localhost\/grant\/?page_id=322"},"modified":"2022-03-22T22:51:49","modified_gmt":"2022-03-22T22:51:49","slug":"como-sumarte","status":"publish","type":"page","link":"https:\/\/fundacionenter.org\/index.php\/como-sumarte\/","title":{"rendered":"\u00bfComo sumarte?"},"content":{"rendered":"<p><section class=\"kc-elm kc-css-409148 kc_row\"><div class=\"kc-row-container  kc-container\"><div class=\"kc-wrap-columns\"><div class=\"kc-elm kc-css-84196 kc_col-sm-12 kc_column kc_col-sm-12\"><div class=\"kc-col-container\"><div class=\"kc-elm kc-css-558504\" style=\"height: 100px; clear: both; width:100%;\"><\/div><div class=\"kc-elm kc-css-282249 kc_row kc_row_inner\"><div class=\"kc-elm kc-css-748782 kc_col-sm-4 kc_column_inner kc_col-sm-4\"><div class=\"kc_wrapper kc-col-inner-container\">\t\r\n\t<div class=\"em-service kc-elm kc-css-668462\">\r\n\t\t<div class=\"em_single_service_text\">\t\r\n\t\t\t\t\t\t\t<div class=\"em-service-icon\">\r\n\t\t\t\t\t<i class=\"sl-note\"><\/i>\r\n\t\t\t\t<\/div>\t\t\t\r\n\t\t\t\t\t\t\t\r\n\t\t\t<div class=\"em-service-inner\">\r\n\t\t\t\t<div class=\"em-service-title\"><h2>Como Sumarte <\/h2><\/div>\t\t\t\t<div class=\"em-service-desc\">Necesitamos de personas comprometidas con el desarrollo de nuestro pa\u00eds, con deseo y convicci\u00f3n de una sociedad con igualdad de oportunidades, prospera y en ambiente de paz.  Nadie se queda atr\u00e1s es nuestro grito de guerra\u2026  si piensas como nosotros, entonces te necesitamos y ya eres pieza clave en nuestra cruzada. Participa, siempre hay algo en lo que podemos ayudar, eres bienvenido.\r\n\r\n<\/div>\t\t\t\t\t\t\t\r\n\t\t\t<\/div>\r\n\t\t\t<div class=\"service-button\"><a href=\"\">Read More<\/a><\/div>\r\n\t\t<\/div>\r\n\t<\/div>\t\r\n\t<\/div><\/div><div class=\"kc-elm kc-css-952956 kc_col-sm-4 kc_column_inner kc_col-sm-4\"><div class=\"kc_wrapper kc-col-inner-container\">\t\r\n\t<div class=\"em-service kc-elm kc-css-65539\">\r\n\t\t<div class=\"em_single_service_text\">\t\r\n\t\t\t\t\t\t\t<div class=\"em-service-icon\">\r\n\t\t\t\t\t<i class=\"sl-notebook\"><\/i>\r\n\t\t\t\t<\/div>\t\t\t\r\n\t\t\t\t\t\t\t\r\n\t\t\t<div class=\"em-service-inner\">\r\n\t\t\t\t<div class=\"em-service-title\"><h2>Instructivo<\/h2><\/div>\t\t\t\t<div class=\"em-service-desc\">\u00bfDe que manera puedes formar parte de nuestro esfuerzo? -Donando equipo de computo; laptop y computadoras de escritorio en buen estado. -Donaciones en efectivo. \u00bfC\u00f3mo puedo hacer mi donaci\u00f3n?  Si deseas donar equipo de computo, te invitamos a escribirnos al siguiente correo electronico: contacto@fundacionenter.org y alguien de nuestro equipo de atendera. Si deseas donar en efectivo....\r\n<\/div>\t\t\t\t\t\t\t\r\n\t\t\t<\/div>\r\n\t\t\t<div class=\"service-button\"><a href=\"\">Read More<\/a><\/div>\r\n\t\t<\/div>\r\n\t<\/div>\t\r\n\t<\/div><\/div><div class=\"kc-elm kc-css-3175 kc_col-sm-4 kc_column_inner kc_col-sm-4\"><div class=\"kc_wrapper kc-col-inner-container\">\t\r\n\t<div class=\"em-service kc-elm kc-css-80724\">\r\n\t\t<div class=\"em_single_service_text\">\t\r\n\t\t\t\t\t\t\t<div class=\"em-service-icon\">\r\n\t\t\t\t\t<i class=\"sl-emotsmile\"><\/i>\r\n\t\t\t\t<\/div>\t\t\t\r\n\t\t\t\t\t\t\t\r\n\t\t\t<div class=\"em-service-inner\">\r\n\t\t\t\t<div class=\"em-service-title\"><h2>Aliados<\/h2><\/div>\t\t\t\t<div class=\"em-service-desc\">AIESEC \/ DIBUJANDO UN MA\u00d1ANA\/ 3DEMAK\r\n<br><br>\r\nEn esta cruzada no estamos solos, nos acompa\u00f1an organizaciones y personas que creen en un M\u00e9xico moderno y competitivo, que ven en la tecnolog\u00eda un medio para un desarrollo econ\u00f3mico y social m\u00e1s justo y equitativo.\r\n\r\n\r\n\r\n\r\n\r\n\r\n\r\n\r\n\r\n\r\n<\/div>\t\t\t\t\t\t\t\r\n\t\t\t<\/div>\r\n\t\t\t<div class=\"service-button\"><a href=\"\">Read More<\/a><\/div>\r\n\t\t<\/div>\r\n\t<\/div>\t\r\n\t<\/div><\/div><\/div><div class=\"kc-elm kc-css-118446\" style=\"height: 100px; clear: both; width:100%;\"><\/div><\/div><\/div><\/div><\/div><\/section><section class=\"kc-elm kc-css-521147 kc_row\"><div class=\"kc-row-container\"><div class=\"kc-wrap-columns\"><div class=\"kc-elm kc-css-19931 kc_col-sm-12 kc_column kc_col-sm-12\"><div class=\"kc-col-container\"><div class=\"kc-elm kc-css-662393\" style=\"height: 94px; clear: both; width:100%;\"><\/div><div class=\"kc-elm kc-css-584412 kc_row kc_row_inner\"><div class=\"kc-elm kc-css-708743 kc_col-sm-12 kc_column_inner kc_col-sm-12\"><div class=\"kc_wrapper kc-col-inner-container\">\n<div class=\"kc-elm kc-css-191609 kc-title-wrap \">\n\n\t<h1 class=\"kc_title\">Ready to Start your business?<\/h1>\n<\/div>\n<div class=\"kc-elm kc-css-689818 kc_text_block\"><\/p>\n<p>Our company has been established for 1980 in January. And we are still running with\u00a0 very growth business and our goal is strong now.<\/p>\n<p>\n<\/div>\n<div class=\"kc-elm kc-css-320546 kc-pro-button kc-button-main\">\n\t<a href=\"#\">\n\t\t<span class=\"creative_title\">Contact US<\/span> <span class=\"creative_icon creative_icon_right\"> <i class=\"sl-globe-alt\"><\/i> <\/span>\t<\/a>\n<\/div>\n<\/div><\/div><\/div><div class=\"kc-elm kc-css-834965\" style=\"height: 100px; clear: both; width:100%;\"><\/div><\/div><\/div><\/div><\/div><\/section><section class=\"kc-elm kc-css-67217 kc_row\"><div class=\"kc-row-container  kc-container\"><div class=\"kc-wrap-columns\"><div class=\"kc-elm kc-css-488351 kc_col-sm-12 kc_column kc_col-sm-12\"><div class=\"kc-col-container\"><div class=\"kc-elm kc-css-131305\" style=\"height: 91px; clear: both; width:100%;\"><\/div>\r\t<div class=\"kc-elm kc-css-420931 \">\r\r\t\t<div class=\"section-title  t_center\">\r\r\t\t\t<h2>OUR  <span>PRICING<\/span><\/h2>\r\t\t\t\r\t\t\t\r\t\t\t\t\t\t\r\t\t\t\t\t\t\r\t\t\t\t<div class=\"em-bar-main\">\r\t\t\t\t\t<div class=\"em-bar em-bar-big\"><\/div>\r\t\t\t\t\t\r\t\t\t\t<\/div>\r\t\t\t\t\r\t\t\t\r\t\t\t\r\t\t\t\t\t\t\r\t\t\t\r\t\t\t\r\r\t\t\t\r\t\t\t<p class=\" text-alignm\">Lorem ipsum dolor sit amet, consectetuer adipiscing elit, sed diam nonummy nibh euismo consectetuer adipiscing sed diam nonummy<\/p>\r\r\t\t\r\t\t<\/div>\t\r\r\t<\/div>\r\r\t<div class=\"kc-elm kc-css-270185\" style=\"height: 35px; clear: both; width:100%;\"><\/div><\/div><\/div><\/div><\/div><\/section><section class=\"kc-elm kc-css-733351 kc_row\"><div class=\"kc-row-container  kc-container\"><div class=\"kc-wrap-columns\"><div class=\"kc-elm kc-css-194457 kc_col-sm-12 kc_column kc_col-sm-12\"><div class=\"kc-col-container\"><div class=\"kc-elm kc-css-848984 kc_row kc_row_inner\"><div class=\"kc-elm kc-css-604572 kc_col-sm-4 kc_column_inner kc_col-sm-4\"><div class=\"kc_wrapper kc-col-inner-container\">\r\n\r\n\r\n\r\n\r\n\t\t\t\t\t\t\t\t<div class=\"kc-elm kc-css-742973 single_pricing \">\r\n\t\t\t\t\t\t\t\t\t<div class=\"pricing_content\">\r\n\t\t\t\t\t\t\t\t\t\t\t\t\t\t\t\t\t\t\t\t\t\t<div class=\"pricing_head\">\r\n\t\t\t\t\t\t\t\t\t\t\t\t\t\t\t\t\t\t\t\t\t\r\n\t\t\t\t\t\t\t\t\t\t\t\t\t\t\t\t\t\t\t\t\t\t<div class=\"pricing_title\">\r\n\t\t\t\t\t\t\t\t\t\t\t\t<h3>PREMIUM<\/h3>\r\n\t\t\t\t\t\t\t\t\t\t\t<\/div>\r\n\t\t\t\t\t\t\t\t\t\t\t\t\t\t\t\t\t\t\t\t\t\t\r\n\t\t\t\t\t\t\t\t\t\t\t<div class=\"price_item\">\r\n\t\t\t\t\t\t\t\t\t\t\t\t<div class=\"price_item_inner\">\r\n\t\t\t\t\t\t\t\t\t\t\t\t\t<div class=\"price_item_inner_center\">\r\n\t\t\t\t\t\t\t\t\t\t\t\t\t\r\n\t\t\t\t\t\t\t\t\t\t\t\t\t\r\n\t\t\t\t\t\t\t\t\t\t\t\t\t\t\t\t\t\t\t\t\t\t\t\t\t\t<span class=\"curencyp\">$<\/span>\t\r\n\t\t\t\t\t\t\t\t\t\t\t\t\t\t\t\t\t\t\t\t\t\t\t\t\t\t\r\n\t\t\t\t\t\t\t\t\t\t\t\t\t\t\t\t\t\t\t\t\t\t\t\t\t\t\t<span class=\"tk\">99<\/span>\t\t\t\t\t\t\t\t\t\t\r\n\t\t\t\t\t\t\t\t\t\t\t\t\t\t\t\t\t\t\t\t\t\t\t\t\t\t\r\n\t\t\t\t\t\t\t\t\t\t\t\t\t\t\t\t\t\t\t\t\t\t\t\t\t\t\t<span class=\"monthp\">\r\n\t\t\t\t\t\t\t\t\t\t\t\t\t\t\t <span class=\"month_inner\">\r\n\t\t\t\t\t\t\t\t\t\t\t\t\t\t\t\t<span class=\"bootmp\">\/ month<\/span>\r\n\t\t\t\t\t\t\t\t\t\t\t\t\t\t\t<\/span>\r\n\t\t\t\t\t\t\t\t\t\t\t\t\t\t<\/span>\r\n\t\t\t\t\t\t\t\t\t\t\t\t\t\t\t\t\t\t\t\t\t\t\t\t\t\t<\/div>\r\n\t\t\t\t\t\t\t\t\t\t\t\t<\/div>\r\n\t\t\t\t\t\t\t\t\t\t\t<\/div>\r\n\t\t\t\t\t\t\t\t\t\t<\/div>\r\n\t\t\t\t\t\t\t\t\t\t<div class=\"pricing_body\">\r\n\t\t\t\t\t\t\t\t\t\t\t\t\t\t\t\t\t\t\t\t\t\t\t\r\n\t\t\t\t\t\t\t\t\t\t\t\t\t\t\t\t\t\t\t\t\t\t\t\t\r\n\t\t\t\t\t\t\t\t\t\t\t\t<div class=\"featur\">\r\n\t\t\t\t\t\t\t\t\t\t\t\t\t<ul>\t\t\t\t\t\t\t\t\t\t\t\t\t\t\t\t\t\r\n\t\t\t\t\t\t\t\t\t\t\t\t\t\t\t\t\t\t\t\t\t\t\t\t\t\t\t\t\t<li>30 days trial Features\r<\/li>\r\n\t\t\t\t\t\t\t\t\t\t\t\t\t\t\t\t\t\t\t\t\t\t\t\t\t\t\t\t\t<li>Synced to cloud database\r<\/li>\r\n\t\t\t\t\t\t\t\t\t\t\t\t\t\t\t\t\t\t\t\t\t\t\t\t\t\t\t\t\t<li>10 hours of support\r<\/li>\r\n\t\t\t\t\t\t\t\t\t\t\t\t\t\t\t\t\t\t\t\t\t\t\t\t\t\t\t\t\t<li>Social media integration\r<\/li>\r\n\t\t\t\t\t\t\t\t\t\t\t\t\t\t\t\t\t\t\t\t\t\t\t\t\t\t\t\t\t<li>Unlimited Features\r<\/li>\r\n\t\t\t\t\t\t\t\t\t\t\t\t\t\t\t\t\t\t\t\t\t\t\t\t\t\t\t\t\t<li>User Support<\/li>\r\n\t\t\t\t\t\t\t\t\t\t\t\t\t\t\t\t\t\t\t\t\t\t\t\t\t\t\t\t\r\n\t\t\t\t\t\t\t\t\t\t\t\t\t<\/ul>\r\n\t\t\t\t\t\t\t\t\t\t\t\t<\/div>\r\n\t\t\t\t\t\t\t\t\t\t\t\t\t\t\t\t\t\t\t\t\t\t\t\r\n\t\t\t\t\t\t\t\t\t\t\t\r\n\t\t\t\t\t\t\t\t\t\t\t\r\n\t\t\t\t\t\t\t\t\t\t\t\t\t\t\t\t\t\t\t\t\t\t<div class=\"pricing_bottom\">\r\n\t\t\t\t\t\t\t\t\t\t\t\t<div class=\"order_now\">\t\t\t\t\r\n\t\t\t\t\t\t\t\t\t\t\t\t\t<a href=\"#\" class=\"singinp\">\t\t\t\t\t\t\t\t\t\t\t\t\r\n\t\t\t\t\t\t\t\t\t\t\t\t\tApply Now\t\t\t\t\t\t\t\t\t\r\n\t\t\t\t\t\t\t\t\t\t\t\t\t<\/a>\t\t\r\n\t\t\t\t\t\t\t\t\t\t\t\t<\/div>\r\n\t\t\t\t\t\t\t\t\t\t\t<\/div>\r\n\t\t\t\t\t\t\t\t\t\t\t\t\t\t\t\t\t\t\t\t\t\t\r\n\t\t\t\t\t\t\t\t\t\t<\/div>\r\n\t\t\t\t\t\t\t\t\t<\/div>\r\n\t\t\t\t\t\t\t\t<\/div>\t\t\t\r\n\r\n<\/div><\/div><div class=\"kc-elm kc-css-379688 kc_col-sm-4 kc_column_inner kc_col-sm-4\"><div class=\"kc_wrapper kc-col-inner-container\">\r\n\r\n\r\n\r\n\r\n\t\t\t\t\t\t\t\t<div class=\"kc-elm kc-css-983493 single_pricing active\">\r\n\t\t\t\t\t\t\t\t\t<div class=\"pricing_content\">\r\n\t\t\t\t\t\t\t\t\t\t\t\t\t\t\t\t\t\t\t\t\t\t<div class=\"pricing_head\">\r\n\t\t\t\t\t\t\t\t\t\t\t\t\t\t\t\t\t\t\t\t\t\r\n\t\t\t\t\t\t\t\t\t\t\t\t\t\t\t\t\t\t\t\t\t\t<div class=\"pricing_title\">\r\n\t\t\t\t\t\t\t\t\t\t\t\t<h3>ULTIMATE<\/h3>\r\n\t\t\t\t\t\t\t\t\t\t\t<\/div>\r\n\t\t\t\t\t\t\t\t\t\t\t\t\t\t\t\t\t\t\t\t\t\t\r\n\t\t\t\t\t\t\t\t\t\t\t<div class=\"price_item\">\r\n\t\t\t\t\t\t\t\t\t\t\t\t<div class=\"price_item_inner\">\r\n\t\t\t\t\t\t\t\t\t\t\t\t\t<div class=\"price_item_inner_center\">\r\n\t\t\t\t\t\t\t\t\t\t\t\t\t\r\n\t\t\t\t\t\t\t\t\t\t\t\t\t\r\n\t\t\t\t\t\t\t\t\t\t\t\t\t\t\t\t\t\t\t\t\t\t\t\t\t\t<span class=\"curencyp\">$<\/span>\t\r\n\t\t\t\t\t\t\t\t\t\t\t\t\t\t\t\t\t\t\t\t\t\t\t\t\t\t\r\n\t\t\t\t\t\t\t\t\t\t\t\t\t\t\t\t\t\t\t\t\t\t\t\t\t\t\t<span class=\"tk\">89<\/span>\t\t\t\t\t\t\t\t\t\t\r\n\t\t\t\t\t\t\t\t\t\t\t\t\t\t\t\t\t\t\t\t\t\t\t\t\t\t\r\n\t\t\t\t\t\t\t\t\t\t\t\t\t\t\t\t\t\t\t\t\t\t\t\t\t\t\t<span class=\"monthp\">\r\n\t\t\t\t\t\t\t\t\t\t\t\t\t\t\t <span class=\"month_inner\">\r\n\t\t\t\t\t\t\t\t\t\t\t\t\t\t\t\t<span class=\"bootmp\">\/ month<\/span>\r\n\t\t\t\t\t\t\t\t\t\t\t\t\t\t\t<\/span>\r\n\t\t\t\t\t\t\t\t\t\t\t\t\t\t<\/span>\r\n\t\t\t\t\t\t\t\t\t\t\t\t\t\t\t\t\t\t\t\t\t\t\t\t\t\t<\/div>\r\n\t\t\t\t\t\t\t\t\t\t\t\t<\/div>\r\n\t\t\t\t\t\t\t\t\t\t\t<\/div>\r\n\t\t\t\t\t\t\t\t\t\t<\/div>\r\n\t\t\t\t\t\t\t\t\t\t<div class=\"pricing_body\">\r\n\t\t\t\t\t\t\t\t\t\t\t\t\t\t\t\t\t\t\t\t\t\t\t\r\n\t\t\t\t\t\t\t\t\t\t\t\t\t\t\t\t\t\t\t\t\t\t\t\t\r\n\t\t\t\t\t\t\t\t\t\t\t\t<div class=\"featur\">\r\n\t\t\t\t\t\t\t\t\t\t\t\t\t<ul>\t\t\t\t\t\t\t\t\t\t\t\t\t\t\t\t\t\r\n\t\t\t\t\t\t\t\t\t\t\t\t\t\t\t\t\t\t\t\t\t\t\t\t\t\t\t\t\t<li>30 days trial Features\r<\/li>\r\n\t\t\t\t\t\t\t\t\t\t\t\t\t\t\t\t\t\t\t\t\t\t\t\t\t\t\t\t\t<li>Synced to cloud database\r<\/li>\r\n\t\t\t\t\t\t\t\t\t\t\t\t\t\t\t\t\t\t\t\t\t\t\t\t\t\t\t\t\t<li>10 hours of support\r<\/li>\r\n\t\t\t\t\t\t\t\t\t\t\t\t\t\t\t\t\t\t\t\t\t\t\t\t\t\t\t\t\t<li>Social media integration\r<\/li>\r\n\t\t\t\t\t\t\t\t\t\t\t\t\t\t\t\t\t\t\t\t\t\t\t\t\t\t\t\t\t<li>Unlimited Features\r<\/li>\r\n\t\t\t\t\t\t\t\t\t\t\t\t\t\t\t\t\t\t\t\t\t\t\t\t\t\t\t\t\t<li>User Support<\/li>\r\n\t\t\t\t\t\t\t\t\t\t\t\t\t\t\t\t\t\t\t\t\t\t\t\t\t\t\t\t\r\n\t\t\t\t\t\t\t\t\t\t\t\t\t<\/ul>\r\n\t\t\t\t\t\t\t\t\t\t\t\t<\/div>\r\n\t\t\t\t\t\t\t\t\t\t\t\t\t\t\t\t\t\t\t\t\t\t\t\r\n\t\t\t\t\t\t\t\t\t\t\t\r\n\t\t\t\t\t\t\t\t\t\t\t\r\n\t\t\t\t\t\t\t\t\t\t\t\t\t\t\t\t\t\t\t\t\t\t<div class=\"pricing_bottom\">\r\n\t\t\t\t\t\t\t\t\t\t\t\t<div class=\"order_now\">\t\t\t\t\r\n\t\t\t\t\t\t\t\t\t\t\t\t\t<a href=\"#\" class=\"singinp\">\t\t\t\t\t\t\t\t\t\t\t\t\r\n\t\t\t\t\t\t\t\t\t\t\t\t\tApply Now\t\t\t\t\t\t\t\t\t\r\n\t\t\t\t\t\t\t\t\t\t\t\t\t<\/a>\t\t\r\n\t\t\t\t\t\t\t\t\t\t\t\t<\/div>\r\n\t\t\t\t\t\t\t\t\t\t\t<\/div>\r\n\t\t\t\t\t\t\t\t\t\t\t\t\t\t\t\t\t\t\t\t\t\t\r\n\t\t\t\t\t\t\t\t\t\t<\/div>\r\n\t\t\t\t\t\t\t\t\t<\/div>\r\n\t\t\t\t\t\t\t\t<\/div>\t\t\t\r\n\r\n<\/div><\/div><div class=\"kc-elm kc-css-254157 kc_col-sm-4 kc_column_inner kc_col-sm-4\"><div class=\"kc_wrapper kc-col-inner-container\">\r\n\r\n\r\n\r\n\r\n\t\t\t\t\t\t\t\t<div class=\"kc-elm kc-css-67214 single_pricing \">\r\n\t\t\t\t\t\t\t\t\t<div class=\"pricing_content\">\r\n\t\t\t\t\t\t\t\t\t\t\t\t\t\t\t\t\t\t\t\t\t\t<div class=\"pricing_head\">\r\n\t\t\t\t\t\t\t\t\t\t\t\t\t\t\t\t\t\t\t\t\t\r\n\t\t\t\t\t\t\t\t\t\t\t\t\t\t\t\t\t\t\t\t\t\t<div class=\"pricing_title\">\r\n\t\t\t\t\t\t\t\t\t\t\t\t<h3>PRO<\/h3>\r\n\t\t\t\t\t\t\t\t\t\t\t<\/div>\r\n\t\t\t\t\t\t\t\t\t\t\t\t\t\t\t\t\t\t\t\t\t\t\r\n\t\t\t\t\t\t\t\t\t\t\t<div class=\"price_item\">\r\n\t\t\t\t\t\t\t\t\t\t\t\t<div class=\"price_item_inner\">\r\n\t\t\t\t\t\t\t\t\t\t\t\t\t<div class=\"price_item_inner_center\">\r\n\t\t\t\t\t\t\t\t\t\t\t\t\t\r\n\t\t\t\t\t\t\t\t\t\t\t\t\t\r\n\t\t\t\t\t\t\t\t\t\t\t\t\t\t\t\t\t\t\t\t\t\t\t\t\t\t<span class=\"curencyp\">$<\/span>\t\r\n\t\t\t\t\t\t\t\t\t\t\t\t\t\t\t\t\t\t\t\t\t\t\t\t\t\t\r\n\t\t\t\t\t\t\t\t\t\t\t\t\t\t\t\t\t\t\t\t\t\t\t\t\t\t\t<span class=\"tk\">79<\/span>\t\t\t\t\t\t\t\t\t\t\r\n\t\t\t\t\t\t\t\t\t\t\t\t\t\t\t\t\t\t\t\t\t\t\t\t\t\t\r\n\t\t\t\t\t\t\t\t\t\t\t\t\t\t\t\t\t\t\t\t\t\t\t\t\t\t\t<span class=\"monthp\">\r\n\t\t\t\t\t\t\t\t\t\t\t\t\t\t\t <span class=\"month_inner\">\r\n\t\t\t\t\t\t\t\t\t\t\t\t\t\t\t\t<span class=\"bootmp\">\/ month<\/span>\r\n\t\t\t\t\t\t\t\t\t\t\t\t\t\t\t<\/span>\r\n\t\t\t\t\t\t\t\t\t\t\t\t\t\t<\/span>\r\n\t\t\t\t\t\t\t\t\t\t\t\t\t\t\t\t\t\t\t\t\t\t\t\t\t\t<\/div>\r\n\t\t\t\t\t\t\t\t\t\t\t\t<\/div>\r\n\t\t\t\t\t\t\t\t\t\t\t<\/div>\r\n\t\t\t\t\t\t\t\t\t\t<\/div>\r\n\t\t\t\t\t\t\t\t\t\t<div class=\"pricing_body\">\r\n\t\t\t\t\t\t\t\t\t\t\t\t\t\t\t\t\t\t\t\t\t\t\t\r\n\t\t\t\t\t\t\t\t\t\t\t\t\t\t\t\t\t\t\t\t\t\t\t\t\r\n\t\t\t\t\t\t\t\t\t\t\t\t<div class=\"featur\">\r\n\t\t\t\t\t\t\t\t\t\t\t\t\t<ul>\t\t\t\t\t\t\t\t\t\t\t\t\t\t\t\t\t\r\n\t\t\t\t\t\t\t\t\t\t\t\t\t\t\t\t\t\t\t\t\t\t\t\t\t\t\t\t\t<li>30 days trial Features\r<\/li>\r\n\t\t\t\t\t\t\t\t\t\t\t\t\t\t\t\t\t\t\t\t\t\t\t\t\t\t\t\t\t<li>Synced to cloud database\r<\/li>\r\n\t\t\t\t\t\t\t\t\t\t\t\t\t\t\t\t\t\t\t\t\t\t\t\t\t\t\t\t\t<li>10 hours of support\r<\/li>\r\n\t\t\t\t\t\t\t\t\t\t\t\t\t\t\t\t\t\t\t\t\t\t\t\t\t\t\t\t\t<li>Social media integration\r<\/li>\r\n\t\t\t\t\t\t\t\t\t\t\t\t\t\t\t\t\t\t\t\t\t\t\t\t\t\t\t\t\t<li>Unlimited Features\r<\/li>\r\n\t\t\t\t\t\t\t\t\t\t\t\t\t\t\t\t\t\t\t\t\t\t\t\t\t\t\t\t\t<li>User Support<\/li>\r\n\t\t\t\t\t\t\t\t\t\t\t\t\t\t\t\t\t\t\t\t\t\t\t\t\t\t\t\t\r\n\t\t\t\t\t\t\t\t\t\t\t\t\t<\/ul>\r\n\t\t\t\t\t\t\t\t\t\t\t\t<\/div>\r\n\t\t\t\t\t\t\t\t\t\t\t\t\t\t\t\t\t\t\t\t\t\t\t\r\n\t\t\t\t\t\t\t\t\t\t\t\r\n\t\t\t\t\t\t\t\t\t\t\t\r\n\t\t\t\t\t\t\t\t\t\t\t\t\t\t\t\t\t\t\t\t\t\t<div class=\"pricing_bottom\">\r\n\t\t\t\t\t\t\t\t\t\t\t\t<div class=\"order_now\">\t\t\t\t\r\n\t\t\t\t\t\t\t\t\t\t\t\t\t<a href=\"#\" class=\"singinp\">\t\t\t\t\t\t\t\t\t\t\t\t\r\n\t\t\t\t\t\t\t\t\t\t\t\t\tApply Now\t\t\t\t\t\t\t\t\t\r\n\t\t\t\t\t\t\t\t\t\t\t\t\t<\/a>\t\t\r\n\t\t\t\t\t\t\t\t\t\t\t\t<\/div>\r\n\t\t\t\t\t\t\t\t\t\t\t<\/div>\r\n\t\t\t\t\t\t\t\t\t\t\t\t\t\t\t\t\t\t\t\t\t\t\r\n\t\t\t\t\t\t\t\t\t\t<\/div>\r\n\t\t\t\t\t\t\t\t\t<\/div>\r\n\t\t\t\t\t\t\t\t<\/div>\t\t\t\r\n\r\n<\/div><\/div><\/div><div class=\"kc-elm kc-css-317645\" style=\"height: 70px; clear: both; width:100%;\"><\/div><\/div><\/div><\/div><\/div><\/section><section class=\"kc-elm kc-css-468435 kc_row\"><div class=\"kc-row-container  kc-container\"><div class=\"kc-wrap-columns\"><div class=\"kc-elm kc-css-146150 kc_col-sm-12 kc_column kc_col-sm-12\"><div class=\"kc-col-container\"><div class=\"kc-elm kc-css-104758\" style=\"height: 80px; clear: both; width:100%;\"><\/div><div class=\"kc-elm kc-css-851786 kc_row kc_row_inner\"><div class=\"kc-elm kc-css-877872 kc_col-sm-12 kc_column_inner kc_col-sm-12\"><div class=\"kc_wrapper kc-col-inner-container\"><\/div><\/div><\/div><div class=\"kc-elm kc-css-344710\" style=\"height: 79px; clear: both; width:100%;\"><\/div><\/div><\/div><\/div><\/div><\/section><section class=\"kc-elm kc-css-381352 kc_row responsive-logo\"><div class=\"kc-row-container  kc-container\"><div class=\"kc-wrap-columns\"><div class=\"kc-elm kc-css-401588 kc_col-sm-12 kc_column kc_col-sm-12\"><div class=\"kc-col-container\"><div class=\"kc-elm kc-css-336259\" style=\"height: 100px; clear: both; width:100%;\"><\/div><div class=\"kc-elm kc-css-301630 kc_row kc_row_inner\"><div class=\"kc-elm kc-css-63006 kc_col-sm-2 kc_column_inner kc_col-sm-2\"><div class=\"kc_wrapper kc-col-inner-container\"><div class=\"kc-elm kc-css-698767 kc_shortcode kc_single_image\">\n\n        <img decoding=\"async\" src=\"https:\/\/fundacionenter.org\/wp-content\/uploads\/2017\/09\/7.png\" class=\"\" alt=\"\" \/>    <\/div>\n<\/div><\/div><div class=\"kc-elm kc-css-889616 kc_col-sm-2 kc_column_inner kc_col-sm-2\"><div class=\"kc_wrapper kc-col-inner-container\"><div class=\"kc-elm kc-css-248064 kc_shortcode kc_single_image\">\n\n        <img decoding=\"async\" src=\"https:\/\/fundacionenter.org\/wp-content\/uploads\/2017\/09\/4.png\" class=\"\" alt=\"\" \/>    <\/div>\n<\/div><\/div><div class=\"kc-elm kc-css-826881 kc_col-sm-2 kc_column_inner kc_col-sm-2\"><div class=\"kc_wrapper kc-col-inner-container\"><div class=\"kc-elm kc-css-117059 kc_shortcode kc_single_image\">\n\n        <img decoding=\"async\" src=\"https:\/\/fundacionenter.org\/wp-content\/uploads\/2017\/09\/5.png\" class=\"\" alt=\"\" \/>    <\/div>\n<\/div><\/div><div class=\"kc-elm kc-css-771640 kc_col-sm-2 kc_column_inner kc_col-sm-2\"><div class=\"kc_wrapper kc-col-inner-container\"><div class=\"kc-elm kc-css-956604 kc_shortcode kc_single_image\">\n\n        <img decoding=\"async\" src=\"https:\/\/fundacionenter.org\/wp-content\/uploads\/2017\/09\/3.png\" class=\"\" alt=\"\" \/>    <\/div>\n<\/div><\/div><div class=\"kc-elm kc-css-742249 kc_col-sm-2 kc_column_inner kc_col-sm-2\"><div class=\"kc_wrapper kc-col-inner-container\"><div class=\"kc-elm kc-css-454637 kc_shortcode kc_single_image\">\n\n        <img decoding=\"async\" src=\"https:\/\/fundacionenter.org\/wp-content\/uploads\/2017\/09\/2.png\" class=\"\" alt=\"\" \/>    <\/div>\n<\/div><\/div><div class=\"kc-elm kc-css-343283 kc_col-sm-2 kc_column_inner kc_col-sm-2\"><div class=\"kc_wrapper kc-col-inner-container\"><div class=\"kc-elm kc-css-946618 kc_shortcode kc_single_image\">\n\n        <img decoding=\"async\" src=\"https:\/\/fundacionenter.org\/wp-content\/uploads\/2017\/09\/1.png\" class=\"\" alt=\"\" \/>    <\/div>\n<\/div><\/div><\/div><div class=\"kc-elm kc-css-98160\" style=\"height: 70px; clear: both; width:100%;\"><\/div><\/div><\/div><\/div><\/div><\/section><\/p>\n","protected":false},"excerpt":{"rendered":"","protected":false},"author":1,"featured_media":0,"parent":0,"menu_order":0,"comment_status":"closed","ping_status":"closed","template":"template-home.php","meta":{"_monsterinsights_skip_tracking":false,"_monsterinsights_sitenote_active":false,"_monsterinsights_sitenote_note":"","_monsterinsights_sitenote_category":0,"footnotes":""},"class_list":["post-322","page","type-page","status-publish","hentry"],"aioseo_notices":[],"_links":{"self":[{"href":"https:\/\/fundacionenter.org\/index.php\/wp-json\/wp\/v2\/pages\/322","targetHints":{"allow":["GET"]}}],"collection":[{"href":"https:\/\/fundacionenter.org\/index.php\/wp-json\/wp\/v2\/pages"}],"about":[{"href":"https:\/\/fundacionenter.org\/index.php\/wp-json\/wp\/v2\/types\/page"}],"author":[{"embeddable":true,"href":"https:\/\/fundacionenter.org\/index.php\/wp-json\/wp\/v2\/users\/1"}],"replies":[{"embeddable":true,"href":"https:\/\/fundacionenter.org\/index.php\/wp-json\/wp\/v2\/comments?post=322"}],"version-history":[{"count":12,"href":"https:\/\/fundacionenter.org\/index.php\/wp-json\/wp\/v2\/pages\/322\/revisions"}],"predecessor-version":[{"id":561,"href":"https:\/\/fundacionenter.org\/index.php\/wp-json\/wp\/v2\/pages\/322\/revisions\/561"}],"wp:attachment":[{"href":"https:\/\/fundacionenter.org\/index.php\/wp-json\/wp\/v2\/media?parent=322"}],"curies":[{"name":"wp","href":"https:\/\/api.w.org\/{rel}","templated":true}]}}