{"id":218,"date":"2017-09-28T15:40:41","date_gmt":"2017-09-28T15:40:41","guid":{"rendered":"http:\/\/localhost\/grant\/?page_id=218"},"modified":"2022-02-28T19:04:06","modified_gmt":"2022-02-28T19:04:06","slug":"quehacemos","status":"publish","type":"page","link":"https:\/\/fundacionenter.org\/index.php\/quehacemos\/","title":{"rendered":"\u00bfQue hacemos?"},"content":{"rendered":"<p><section class=\"kc-elm kc-css-264377 kc_row\"><div class=\"kc-row-container  kc-container\"><div class=\"kc-wrap-columns\"><div class=\"kc-elm kc-css-83170 kc_col-sm-12 kc_column kc_col-sm-12\"><div class=\"kc-col-container\"><div class=\"kc-elm kc-css-873915\" style=\"height: 91px; clear: both; width:100%;\"><\/div>\r\t<div class=\"kc-elm kc-css-392334 \">\r\r\t\t<div class=\"section-title  t_center\">\r\r\t\t\t<h2>\u00bfQUE <span>HACEMOS?<\/span><\/h2>\r\t\t\t\r\t\t\t\r\t\t\t\t\t\t\r\t\t\t\t\t\t\r\t\t\t\t<div class=\"em-bar-main\">\r\t\t\t\t\t<div class=\"em-bar em-bar-big\"><\/div>\r\t\t\t\t\t\r\t\t\t\t<\/div>\r\t\t\t\t\r\t\t\t\r\t\t\t\r\t\t\t\t\t\t\r\t\t\t\r\t\t\t\r\r\t\t\t\r\t\t<\/div>\t\r\r\t<\/div>\r\r\t<div class=\"kc-elm kc-css-216459\" style=\"height: 35px; clear: both; width:100%;\"><\/div><\/div><\/div><\/div><\/div><\/section><section class=\"kc-elm kc-css-125238 kc_row\"><div class=\"kc-row-container  kc-container\"><div class=\"kc-wrap-columns\"><div class=\"kc-elm kc-css-822266 kc_col-sm-12 kc_column kc_col-sm-12\"><div class=\"kc-col-container\"><div class=\"kc-elm kc-css-959623 kc_row kc_row_inner\"><div class=\"kc-elm kc-css-563012 kc_col-sm-6 kc_column_inner kc_col-sm-6\"><div class=\"kc_wrapper kc-col-inner-container\">\t\r\n\t\t<div class=\"single-video kc-elm kc-css-976479\">\r\n\t\t\r\n\t\t\r\n\t\t\t\t\t\t<div class=\"em-video-image\">\t\r\n\t\t\t\t<img decoding=\"async\" src=\"https:\/\/fundacionenter.org\/wp-content\/uploads\/2021\/09\/foto-video-scaled.jpg\" alt=\"insert image\" \/>\r\n\t\t\t<\/div>\r\n\t\t\t\t\t\t\t\t\t\r\n\t\t\t\r\n\t\t\t<div class=\"choose-video-icon\">\t\r\n\r\n\t\t\t\t\r\n\t\t\t\r\n\t\t\t<\/div>\r\n\t\t\t\r\n\t\t<\/div>\t \r\n\t \r\n\t \r\n\t<\/div><\/div><div class=\"kc-elm kc-css-980097 kc_col-sm-6 kc_column_inner kc_col-sm-6\"><div class=\"kc_wrapper kc-col-inner-container\">\n<div class=\"kc-elm kc-css-601427 kc-title-wrap \">\n\n\t<h4 class=\"kc_title\">Fortalecimiento digital para las OSC\u00b4S<\/h4>\n<\/div>\n<div class=\"kc-elm kc-css-31180 kc_text_block abtext\"><\/p>\n<p class=\"western\" align=\"justify\"><span style=\"font-family: Poppins, serif;\"><span style=\"font-size: 14px;\">En Fundaci\u00f3n Enter AC creemos que una correcta apropiaci\u00f3n de las tecnolog\u00edas de la informaci\u00f3n y la comunicaci\u00f3n pueden generar escenarios de competencias m\u00e1s justos y equitativos en nuestra sociedad.<\/span><\/span><\/p>\n<p class=\"western\" align=\"justify\"><span style=\"font-family: Poppins, serif;\"><span style=\"font-size: 14px;\">Mediante la elaboraci\u00f3n de la teor\u00eda de cambio que contempla una evoluci\u00f3n entre lo que denominamos entes digitales y no digitales, a trav\u00e9s de un proceso lineal divido en tres etapas; acceso; uso y apropiaci\u00f3n. y un modelo de intervenci\u00f3n social, hemos desarrollado nuestro modelo de atenci\u00f3n, cuya finalidad es impactar a trav\u00e9s de cuatro programas innovadores en el desarrollo de habilidades digitales en osc\u00b4s y grupos de personas vulnerables.<\/span><\/span><\/p>\n<p>\n<\/div><\/div><\/div><\/div><\/div><\/div><\/div><\/div><\/section><section class=\"kc-elm kc-css-183529 kc_row\"><div class=\"kc-row-container  kc-container\"><div class=\"kc-wrap-columns\"><div class=\"kc-elm kc-css-845384 kc_col-sm-12 kc_column kc_col-sm-12\"><div class=\"kc-col-container\"><div class=\"kc-elm kc-css-770785\" style=\"height: 100px; clear: both; width:100%;\"><\/div><div class=\"kc-elm kc-css-844574 kc_row kc_row_inner\"><div class=\"kc-elm kc-css-44719 kc_col-sm-4 kc_column_inner kc_col-sm-4\"><div class=\"kc_wrapper kc-col-inner-container\">\t\r\n\t<div class=\"em-feature kc-elm kc-css-638461\">\r\n\t\t\t\t\t<div class=\"em_feature-icon\">\r\n\t\t\t\t<span><i class=\"et-search\"><\/i><\/span>\r\n\t\t\t<\/div>\t\t\t\r\n\t\t\t\t<div class=\"em_content_text\">\r\n\t\t\t<div class=\"em-feature-title\"><h2>Problem\u00e1tica<\/h2><\/div>\t\t\t<div class=\"em-feature-desc\">El mundo se encuentra en un proceso de transformaci\u00f3n total, donde la tecnolog\u00eda es el protagonista tal vez m\u00e1s importante de todos los factores de cambio. Con ella, se han logrado generar importantes beneficios en todos los \u00e1mbitos de nuestra vida como la salud, econom\u00eda, servicios, educaci\u00f3n, conocimiento entre muchos otros, sin embargo, existe en nuestro pa\u00eds una gran parte de la poblaci\u00f3n que no ha logrado beneficiarse de estos grandes avances tecnol\u00f3gicos, principalmente por la falta de recursos econ\u00f3micos para su acceso y un alto \u00edndice de analfabetismo digital que en combinaci\u00f3n los coloca en el extremo negativo de lo que se conoce como brecha digital.<\/div>\t\t\t \t\t<\/div>\r\n\t\t\r\n\t<\/div>\r\n\t\t\r\n\t\t\r\n\t<div class=\"em-feature kc-elm kc-css-246194\">\r\n\t\t\t\t\t<div class=\"em_feature-icon\">\r\n\t\t\t\t<span><i class=\"fa-pallet\"><\/i><\/span>\r\n\t\t\t<\/div>\t\t\t\r\n\t\t\t\t<div class=\"em_content_text\">\r\n\t\t\t<div class=\"em-feature-title\"><h2>Puentes digitales<\/h2><\/div>\t\t\t<div class=\"em-feature-desc\">Promover el uso de la tecnolog\u00eda dentro de las organizaciones de la sociedad civil y los grupos vulnerables, a trav\u00e9s de cuatro proyectos donde adem\u00e1s se busca concientizar sobre diversas problem\u00e1ticas sociales, por medio del uso de plataformas digitales, donde de manera indirecta se invita al beneficiario a hacer uso de la tecnolog\u00eda para su beneficio.<\/div>\t\t\t \t\t<\/div>\r\n\t\t\r\n\t<\/div>\r\n\t\t\r\n\t<\/div><\/div><div class=\"kc-elm kc-css-692955 kc_col-sm-4 kc_column_inner kc_col-sm-4\"><div class=\"kc_wrapper kc-col-inner-container\">\t\r\n\t<div class=\"em-feature kc-elm kc-css-940806\">\r\n\t\t\t\t\t<div class=\"em_feature-icon\">\r\n\t\t\t\t<span><i class=\"sl-note\"><\/i><\/span>\r\n\t\t\t<\/div>\t\t\t\r\n\t\t\t\t<div class=\"em_content_text\">\r\n\t\t\t<div class=\"em-feature-title\"><h2>Modelo de Atenci\u00f3n<\/h2><\/div>\t\t\t<div class=\"em-feature-desc\">Buscamos a organizaciones de la sociedad civil y personas de grupos vulnerables sin o limitado acceso a infraestructura de TICs, ausencia de propiedad digital, alg\u00fan grado de analfabetismo digital, exclusi\u00f3n o autoexclusi\u00f3n para brindar los servicios de nuestro modelo de atenci\u00f3n para cerrar la brecha digital y encaminarlos a su transformaci\u00f3n a entes digitales que trabaje en igualdad de condiciones y mejorar sus oportunidades de desarrollo econ\u00f3mico y social.  Trabajamos con diferentes programas que atienden de manera espec\u00edfica a diferentes perfiles de beneficiarios.<\/div>\t\t\t \t\t<\/div>\r\n\t\t\r\n\t<\/div>\r\n\t\t\r\n\t\t\r\n\t<div class=\"em-feature kc-elm kc-css-926403\">\r\n\t\t\t\t\t<div class=\"em_feature-icon\">\r\n\t\t\t\t<span><i class=\"fa-street-view\"><\/i><\/span>\r\n\t\t\t<\/div>\t\t\t\r\n\t\t\t\t<div class=\"em_content_text\">\r\n\t\t\t<div class=\"em-feature-title\"><h2>J\u00f3venes TIC<\/h2><\/div>\t\t\t<div class=\"em-feature-desc\">JOVENES TIC Programa de formaci\u00f3n en habilidades tecnol\u00f3gicas para j\u00f3venes de entre 15 y 25 a\u00f1os (60% M y 40% H) con rezago econ\u00f3mico y social para que puedan competir en igualdad de condiciones y acceder a un mercado laboral o de autoempleo de calidad que les permita mejorar las condiciones de desarrollo propio y el de su entorno social cercano. <\/div>\t\t\t \t\t<\/div>\r\n\t\t\r\n\t<\/div>\r\n\t\t\r\n\t<\/div><\/div><div class=\"kc-elm kc-css-555903 kc_col-sm-4 kc_column_inner kc_col-sm-4\"><div class=\"kc_wrapper kc-col-inner-container\">\t\r\n\t<div class=\"em-feature kc-elm kc-css-496175\">\r\n\t\t\t\t\t<div class=\"em_feature-icon\">\r\n\t\t\t\t<span><i class=\"et-document\"><\/i><\/span>\r\n\t\t\t<\/div>\t\t\t\r\n\t\t\t\t<div class=\"em_content_text\">\r\n\t\t\t<div class=\"em-feature-title\"><h2>Fortalecimiento Digital para OSC\u00b4s<\/h2><\/div>\t\t\t<div class=\"em-feature-desc\">Ayudar a las OSC\u00b4s con rezago digital a incorporar en sus procesos TIC\u00b4s (Tecnolog\u00edas de Informaci\u00f3n y Comunicaci\u00f3n) de manera sustentable con la finalidad de fortalecer sus capacidades operativas e incrementar su impacto en el sector en el que se desenvuelven. A trav\u00e9s de un diagn\u00f3stico institucional y de madurez digital, se establece el tipo y tama\u00f1o de proyecto que podr\u00edan implementar. Los proyectos pueden ser de: Equipamiento, Desarrollo o suministro de software, capacitaci\u00f3n o Transformaci\u00f3n Digital.<\/div>\t\t\t \t\t<\/div>\r\n\t\t\r\n\t<\/div>\r\n\t\t\r\n\t\t\r\n\t<div class=\"em-feature kc-elm kc-css-927487\">\r\n\t\t\t\t\t<div class=\"em_feature-icon\">\r\n\t\t\t\t<span><i class=\"fa-compass\"><\/i><\/span>\r\n\t\t\t<\/div>\t\t\t\r\n\t\t\t\t<div class=\"em_content_text\">\r\n\t\t\t<div class=\"em-feature-title\"><h2>Islas Digitales<\/h2><\/div>\t\t\t<div class=\"em-feature-desc\">Generar espacios permanentes y de f\u00e1cil acceso para personas de escasos recursos donde encuentren las herramientas, conocimientos y gu\u00edas adecuadas para aprovechar y explotar la tecnolog\u00eda para el desarrollo propio y el de su comunidad. Cada isla se puede definir como un centro enfocado al cierre de la brecha digital.<\/div>\t\t\t \t\t<\/div>\r\n\t\t\r\n\t<\/div>\r\n\t\t\r\n\t<\/div><\/div><\/div><div class=\"kc-elm kc-css-136210\" style=\"height: 99px; clear: both; width:100%;\"><\/div><\/div><\/div><\/div><\/div><\/section><section class=\"kc-elm kc-css-880939 kc_row\"><div class=\"kc-row-container  kc-container\"><div class=\"kc-wrap-columns\"><div class=\"kc-elm kc-css-103209 kc_col-sm-12 kc_column kc_col-sm-12\"><div class=\"kc-col-container\"><div class=\"kc-elm kc-css-725400\" style=\"height: 101px; clear: both; width:100%;\"><\/div><div class=\"kc-elm kc-css-388832 kc_row kc_row_inner\"><div class=\"kc-elm kc-css-942728 kc_col-sm-12 kc_column_inner kc_col-sm-12\"><div class=\"kc_wrapper kc-col-inner-container\">\n<div class=\"kc-elm kc-css-507955 kc-title-wrap \">\n\n\t<h1 class=\"kc_title\">Informe Anual\r\n<br>\r\n<br>\r\n<br>\r\n<br>\r\n<a target=\"_blank\" href=\"https:\/\/fundacionenter.org\/wp-content\/uploads\/2022\/03\/INFORME-ANUAL-2021.pdf\">\r\nDESCARGAR PDF\r\n<i class=\"fa-solid fa-file\"><\/i>\r\n<\/a>\r\n\r\n<\/h1>\n<\/div>\n<div class=\"kc-elm kc-css-926400 kc_text_block\"><\/p>\n<p>\n<\/div><\/div><\/div><\/div><div class=\"kc-elm kc-css-805626\" style=\"height: 195px; clear: both; width:100%;\"><\/div><\/div><\/div><\/div><\/div><\/section><section class=\"kc-elm kc-css-506259 kc_row\"><div class=\"kc-row-container  kc-container\"><div class=\"kc-wrap-columns\"><div class=\"kc-elm kc-css-741677 kc_col-sm-12 kc_column kc_col-sm-12\"><div class=\"kc-col-container\"><div class=\"kc-elm kc-css-226290\" style=\"height: 91px; clear: both; width:100%;\"><\/div>\r\t<div class=\"kc-elm kc-css-240783 \">\r\r\t\t<div class=\"section-title  t_center\">\r\r\t\t\t<h2>OUR  <span>TEAM<\/span><\/h2>\r\t\t\t\r\t\t\t\r\t\t\t\t\t\t\r\t\t\t\t\t\t\r\t\t\t\t<div class=\"em-bar-main\">\r\t\t\t\t\t<div class=\"em-bar em-bar-big\"><\/div>\r\t\t\t\t\t\r\t\t\t\t<\/div>\r\t\t\t\t\r\t\t\t\r\t\t\t\r\t\t\t\t\t\t\r\t\t\t\r\t\t\t\r\r\t\t\t\r\t\t\t<p class=\" text-alignm\">Lorem ipsum dolor sit amet, consectetuer adipiscing elit, sed diam nonummy nibh euismo consectetuer adipiscing sed diam nonummy<\/p>\r\r\t\t\r\t\t<\/div>\t\r\r\t<\/div>\r\r\t<div class=\"kc-elm kc-css-413099\" style=\"height: 35px; clear: both; width:100%;\"><\/div><\/div><\/div><\/div><\/div><\/section><section class=\"kc-elm kc-css-891761 kc_row\"><div class=\"kc-row-container  kc-container\"><div class=\"kc-wrap-columns\"><div class=\"kc-elm kc-css-448081 kc_col-sm-12 kc_column kc_col-sm-12\"><div class=\"kc-col-container\"><div class=\"kc-elm kc-css-948194 kc_row kc_row_inner\"><div class=\"kc-elm kc-css-709144 kc_col-sm-3 kc_column_inner kc_col-sm-3\"><div class=\"kc_wrapper kc-col-inner-container\">\r\n\t\r\n<div class=\"em-team kc-elm kc-css-716965\">\r\n\r\n\t<div class=\"team-style-2\">\t\t\t<div class=\"team-wrap\">\r\n\t\t\t\t<div class=\"team-front\">\r\n\t\t\t\t\t<div class=\"em-content-image-inner\">\t\r\n\t\t\t\t\t\t<div class=\"em-content-image\">\r\n\t\t\t\t\t\t\t<img decoding=\"async\" src=\"https:\/\/fundacionenter.org\/wp-content\/uploads\/2017\/10\/1.jpg\" alt=\"\">\t\r\n\t\t\t\t\t\t<\/div>\t\r\n\t\t\t\t\t\t\t\r\n\t\t\t\t\t<\/div>\r\n\t\t\t\t<\/div>\r\n\t\t\t\t<div class=\"team-back-wraper\">\r\n\t\t\t\t\t<div class=\"team-back\">\r\n\t\t\t\t\t\t<div class=\"em-content-waraper\">\r\n\t\t\t\t\t\t\t<div class=\"em-content-title-inner\">\r\n\t\t\t\t\t\t\t\r\n\t\t\t\t\t\t\t\t<div class=\"em-content-title\"><h2>M. A Hossain <\/h2><\/div>\t\t\t\t\t\t\t\r\n\t\t\t\t\t\t\t<\/div>\r\n\t\t\t\t\t\t\t<div class=\"em-content-subtitle-inner\">\r\n\t\t\t\t\t\t\t\r\n\t\t\t\t\t\t\t\t<div class=\"em-content-subtitle\">Founder<\/div>\t\t\t\t\t\t\t\r\n\t\t\t\t\t\t\t<\/div>\r\n\t\t\t\t\t\t\t<div class=\"em-content-desc-inner\">\r\n\t\t\t\t\t\t\t\r\n\t\t\t\t\t\t\t\t<div class=\"em-content-desc\">Lorem ipsum scelerisqu molestie ida molestie molestie<\/div>\t\t\t\t\t\t\t\t\r\n\t\t\t\t\t\t\t<\/div>\r\n\t\t\t\t\t\t\t\r\n\t\t\t\t\t\t\t<div class=\"em-content-socials\">\r\n\r\n\t\t\t\t\t\t\t\t\t\t\t\t\t\t\t\t\t\t<a href=\"#\" target=\"_blank\" title=\"facebook\"><i class=\"fa fa-facebook\"><\/i><\/a>\r\n\t\t\t\t\t\t\t\t\t\t\t\t\t\t\t\t\t\t<a href=\"#\" target=\"_blank\" title=\"twitter\"><i class=\"fa fa-twitter\"><\/i><\/a>\r\n\t\t\t\t\t\t\t\t\t\t\t\t\t\t\t\t\t\t<a href=\"#\" target=\"_blank\" title=\"google-plus\"><i class=\"fa fa-google-plus\"><\/i><\/a>\r\n\t\t\t\t\t\t\t\t\t\t\t\t\t\t\t\t\t\t<a href=\"#\" target=\"_blank\" title=\"linkedin\"><i class=\"fa fa-linkedin\"><\/i><\/a>\r\n\t\t\t\t\t\t\t\t\t\t\t\t\t\t\t\t\t\t\r\n\t\t\t\t\t\t\t<\/div>\t\t\t\t\t\t\r\n\r\n\t\t\t\t\t\t<\/div>\r\n\t\t\t\t\t<\/div>\r\n\t\t\t\t<\/div>\r\n\t\t\t<\/div>\r\n\r\n\t\t<\/div>\r\n\r\n\r\n<\/div>\r\n\t\r\n\r\n\t<\/div><\/div><div class=\"kc-elm kc-css-311037 kc_col-sm-3 kc_column_inner kc_col-sm-3\"><div class=\"kc_wrapper kc-col-inner-container\">\r\n\t\r\n<div class=\"em-team kc-elm kc-css-318741\">\r\n\r\n\t<div class=\"team-style-2\">\t\t\t<div class=\"team-wrap\">\r\n\t\t\t\t<div class=\"team-front\">\r\n\t\t\t\t\t<div class=\"em-content-image-inner\">\t\r\n\t\t\t\t\t\t<div class=\"em-content-image\">\r\n\t\t\t\t\t\t\t<img decoding=\"async\" src=\"https:\/\/fundacionenter.org\/wp-content\/uploads\/2017\/10\/4.jpg\" alt=\"\">\t\r\n\t\t\t\t\t\t<\/div>\t\r\n\t\t\t\t\t\t\t\r\n\t\t\t\t\t<\/div>\r\n\t\t\t\t<\/div>\r\n\t\t\t\t<div class=\"team-back-wraper\">\r\n\t\t\t\t\t<div class=\"team-back\">\r\n\t\t\t\t\t\t<div class=\"em-content-waraper\">\r\n\t\t\t\t\t\t\t<div class=\"em-content-title-inner\">\r\n\t\t\t\t\t\t\t\r\n\t\t\t\t\t\t\t\t<div class=\"em-content-title\"><h2>Jemes Haque<\/h2><\/div>\t\t\t\t\t\t\t\r\n\t\t\t\t\t\t\t<\/div>\r\n\t\t\t\t\t\t\t<div class=\"em-content-subtitle-inner\">\r\n\t\t\t\t\t\t\t\r\n\t\t\t\t\t\t\t\t<div class=\"em-content-subtitle\">Director<\/div>\t\t\t\t\t\t\t\r\n\t\t\t\t\t\t\t<\/div>\r\n\t\t\t\t\t\t\t<div class=\"em-content-desc-inner\">\r\n\t\t\t\t\t\t\t\r\n\t\t\t\t\t\t\t\t<div class=\"em-content-desc\">Lorem ipsum scelerisqu molestie ida molestie molestie<\/div>\t\t\t\t\t\t\t\t\r\n\t\t\t\t\t\t\t<\/div>\r\n\t\t\t\t\t\t\t\r\n\t\t\t\t\t\t\t<div class=\"em-content-socials\">\r\n\r\n\t\t\t\t\t\t\t\t\t\t\t\t\t\t\t\t\t\t<a href=\"#\" target=\"_blank\" title=\"facebook\"><i class=\"fa fa-facebook\"><\/i><\/a>\r\n\t\t\t\t\t\t\t\t\t\t\t\t\t\t\t\t\t\t<a href=\"#\" target=\"_blank\" title=\"twitter\"><i class=\"fa fa-twitter\"><\/i><\/a>\r\n\t\t\t\t\t\t\t\t\t\t\t\t\t\t\t\t\t\t<a href=\"#\" target=\"_blank\" title=\"google-plus\"><i class=\"fa fa-google-plus\"><\/i><\/a>\r\n\t\t\t\t\t\t\t\t\t\t\t\t\t\t\t\t\t\t<a href=\"#\" target=\"_blank\" title=\"linkedin\"><i class=\"fa fa-linkedin\"><\/i><\/a>\r\n\t\t\t\t\t\t\t\t\t\t\t\t\t\t\t\t\t\t\r\n\t\t\t\t\t\t\t<\/div>\t\t\t\t\t\t\r\n\r\n\t\t\t\t\t\t<\/div>\r\n\t\t\t\t\t<\/div>\r\n\t\t\t\t<\/div>\r\n\t\t\t<\/div>\r\n\r\n\t\t<\/div>\r\n\r\n\r\n<\/div>\r\n\t\r\n\r\n\t<\/div><\/div><div class=\"kc-elm kc-css-807667 kc_col-sm-3 kc_column_inner kc_col-sm-3\"><div class=\"kc_wrapper kc-col-inner-container\">\r\n\t\r\n<div class=\"em-team kc-elm kc-css-42948\">\r\n\r\n\t<div class=\"team-style-2\">\t\t\t<div class=\"team-wrap\">\r\n\t\t\t\t<div class=\"team-front\">\r\n\t\t\t\t\t<div class=\"em-content-image-inner\">\t\r\n\t\t\t\t\t\t<div class=\"em-content-image\">\r\n\t\t\t\t\t\t\t<img decoding=\"async\" src=\"https:\/\/fundacionenter.org\/wp-content\/uploads\/2017\/10\/3.jpg\" alt=\"\">\t\r\n\t\t\t\t\t\t<\/div>\t\r\n\t\t\t\t\t\t\t\r\n\t\t\t\t\t<\/div>\r\n\t\t\t\t<\/div>\r\n\t\t\t\t<div class=\"team-back-wraper\">\r\n\t\t\t\t\t<div class=\"team-back\">\r\n\t\t\t\t\t\t<div class=\"em-content-waraper\">\r\n\t\t\t\t\t\t\t<div class=\"em-content-title-inner\">\r\n\t\t\t\t\t\t\t\r\n\t\t\t\t\t\t\t\t<div class=\"em-content-title\"><h2>Adam Milne<\/h2><\/div>\t\t\t\t\t\t\t\r\n\t\t\t\t\t\t\t<\/div>\r\n\t\t\t\t\t\t\t<div class=\"em-content-subtitle-inner\">\r\n\t\t\t\t\t\t\t\r\n\t\t\t\t\t\t\t\t<div class=\"em-content-subtitle\">Co-Founder<\/div>\t\t\t\t\t\t\t\r\n\t\t\t\t\t\t\t<\/div>\r\n\t\t\t\t\t\t\t<div class=\"em-content-desc-inner\">\r\n\t\t\t\t\t\t\t\r\n\t\t\t\t\t\t\t\t<div class=\"em-content-desc\">Lorem ipsum scelerisqu molestie ida molestie molestie<\/div>\t\t\t\t\t\t\t\t\r\n\t\t\t\t\t\t\t<\/div>\r\n\t\t\t\t\t\t\t\r\n\t\t\t\t\t\t\t<div class=\"em-content-socials\">\r\n\r\n\t\t\t\t\t\t\t\t\t\t\t\t\t\t\t\t\t\t<a href=\"#\" target=\"_blank\" title=\"facebook\"><i class=\"fa fa-facebook\"><\/i><\/a>\r\n\t\t\t\t\t\t\t\t\t\t\t\t\t\t\t\t\t\t<a href=\"#\" target=\"_blank\" title=\"twitter\"><i class=\"fa fa-twitter\"><\/i><\/a>\r\n\t\t\t\t\t\t\t\t\t\t\t\t\t\t\t\t\t\t<a href=\"#\" target=\"_blank\" title=\"google-plus\"><i class=\"fa fa-google-plus\"><\/i><\/a>\r\n\t\t\t\t\t\t\t\t\t\t\t\t\t\t\t\t\t\t<a href=\"#\" target=\"_blank\" title=\"linkedin\"><i class=\"fa fa-linkedin\"><\/i><\/a>\r\n\t\t\t\t\t\t\t\t\t\t\t\t\t\t\t\t\t\t\r\n\t\t\t\t\t\t\t<\/div>\t\t\t\t\t\t\r\n\r\n\t\t\t\t\t\t<\/div>\r\n\t\t\t\t\t<\/div>\r\n\t\t\t\t<\/div>\r\n\t\t\t<\/div>\r\n\r\n\t\t<\/div>\r\n\r\n\r\n<\/div>\r\n\t\r\n\r\n\t<\/div><\/div><div class=\"kc-elm kc-css-313505 kc_col-sm-3 kc_column_inner kc_col-sm-3\"><div class=\"kc_wrapper kc-col-inner-container\">\r\n\t\r\n<div class=\"em-team kc-elm kc-css-956767\">\r\n\r\n\t<div class=\"team-style-2\">\t\t\t<div class=\"team-wrap\">\r\n\t\t\t\t<div class=\"team-front\">\r\n\t\t\t\t\t<div class=\"em-content-image-inner\">\t\r\n\t\t\t\t\t\t<div class=\"em-content-image\">\r\n\t\t\t\t\t\t\t<img decoding=\"async\" src=\"https:\/\/fundacionenter.org\/wp-content\/uploads\/2017\/10\/2.jpg\" alt=\"\">\t\r\n\t\t\t\t\t\t<\/div>\t\r\n\t\t\t\t\t\t\t\r\n\t\t\t\t\t<\/div>\r\n\t\t\t\t<\/div>\r\n\t\t\t\t<div class=\"team-back-wraper\">\r\n\t\t\t\t\t<div class=\"team-back\">\r\n\t\t\t\t\t\t<div class=\"em-content-waraper\">\r\n\t\t\t\t\t\t\t<div class=\"em-content-title-inner\">\r\n\t\t\t\t\t\t\t\r\n\t\t\t\t\t\t\t\t<div class=\"em-content-title\"><h2>Angel Jessi <\/h2><\/div>\t\t\t\t\t\t\t\r\n\t\t\t\t\t\t\t<\/div>\r\n\t\t\t\t\t\t\t<div class=\"em-content-subtitle-inner\">\r\n\t\t\t\t\t\t\t\r\n\t\t\t\t\t\t\t\t<div class=\"em-content-subtitle\">Manager<\/div>\t\t\t\t\t\t\t\r\n\t\t\t\t\t\t\t<\/div>\r\n\t\t\t\t\t\t\t<div class=\"em-content-desc-inner\">\r\n\t\t\t\t\t\t\t\r\n\t\t\t\t\t\t\t\t<div class=\"em-content-desc\">Lorem ipsum scelerisqu molestie ida molestie molestie<\/div>\t\t\t\t\t\t\t\t\r\n\t\t\t\t\t\t\t<\/div>\r\n\t\t\t\t\t\t\t\r\n\t\t\t\t\t\t\t<div class=\"em-content-socials\">\r\n\r\n\t\t\t\t\t\t\t\t\t\t\t\t\t\t\t\t\t\t<a href=\"#\" target=\"_blank\" title=\"facebook\"><i class=\"fa fa-facebook\"><\/i><\/a>\r\n\t\t\t\t\t\t\t\t\t\t\t\t\t\t\t\t\t\t<a href=\"#\" target=\"_blank\" title=\"twitter\"><i class=\"fa fa-twitter\"><\/i><\/a>\r\n\t\t\t\t\t\t\t\t\t\t\t\t\t\t\t\t\t\t<a href=\"#\" target=\"_blank\" title=\"google-plus\"><i class=\"fa fa-google-plus\"><\/i><\/a>\r\n\t\t\t\t\t\t\t\t\t\t\t\t\t\t\t\t\t\t<a href=\"#\" target=\"_blank\" title=\"linkedin\"><i class=\"fa fa-linkedin\"><\/i><\/a>\r\n\t\t\t\t\t\t\t\t\t\t\t\t\t\t\t\t\t\t\r\n\t\t\t\t\t\t\t<\/div>\t\t\t\t\t\t\r\n\r\n\t\t\t\t\t\t<\/div>\r\n\t\t\t\t\t<\/div>\r\n\t\t\t\t<\/div>\r\n\t\t\t<\/div>\r\n\r\n\t\t<\/div>\r\n\r\n\r\n<\/div>\r\n\t\r\n\r\n\t<\/div><\/div><\/div><div class=\"kc-elm kc-css-5748\" style=\"height: 70px; clear: both; width:100%;\"><\/div><\/div><\/div><\/div><\/div><\/section><section class=\"kc-elm kc-css-621715 kc_row\"><div class=\"kc-row-container  kc-container\"><div class=\"kc-wrap-columns\"><div class=\"kc-elm kc-css-396129 kc_col-sm-12 kc_column kc_col-sm-12\"><div class=\"kc-col-container\"><div class=\"kc-elm kc-css-752077\" style=\"height: 80px; clear: both; width:100%;\"><\/div><div class=\"kc-elm kc-css-717617 kc_row kc_row_inner\"><div class=\"kc-elm kc-css-425863 kc_col-sm-12 kc_column_inner kc_col-sm-12\"><div class=\"kc_wrapper kc-col-inner-container\"><\/div><\/div><\/div><div class=\"kc-elm kc-css-478767\" style=\"height: 74px; clear: both; width:100%;\"><\/div><\/div><\/div><\/div><\/div><\/section><section class=\"kc-elm kc-css-804105 kc_row responsive-logo\"><div class=\"kc-row-container  kc-container\"><div class=\"kc-wrap-columns\"><div class=\"kc-elm kc-css-38236 kc_col-sm-12 kc_column kc_col-sm-12\"><div class=\"kc-col-container\"><div class=\"kc-elm kc-css-7420\" style=\"height: 100px; clear: both; width:100%;\"><\/div><div class=\"kc-elm kc-css-794677 kc_row kc_row_inner\"><div class=\"kc-elm kc-css-662984 kc_col-sm-2 kc_column_inner kc_col-sm-2\"><div class=\"kc_wrapper kc-col-inner-container\"><div class=\"kc-elm kc-css-757773 kc_shortcode kc_single_image\">\n\n        <img decoding=\"async\" src=\"https:\/\/fundacionenter.org\/wp-content\/uploads\/2017\/09\/7.png\" class=\"\" alt=\"\" \/>    <\/div>\n<\/div><\/div><div class=\"kc-elm kc-css-260871 kc_col-sm-2 kc_column_inner kc_col-sm-2\"><div class=\"kc_wrapper kc-col-inner-container\"><div class=\"kc-elm kc-css-539895 kc_shortcode kc_single_image\">\n\n        <img decoding=\"async\" src=\"https:\/\/fundacionenter.org\/wp-content\/uploads\/2017\/09\/4.png\" class=\"\" alt=\"\" \/>    <\/div>\n<\/div><\/div><div class=\"kc-elm kc-css-10269 kc_col-sm-2 kc_column_inner kc_col-sm-2\"><div class=\"kc_wrapper kc-col-inner-container\"><div class=\"kc-elm kc-css-587664 kc_shortcode kc_single_image\">\n\n        <img decoding=\"async\" src=\"https:\/\/fundacionenter.org\/wp-content\/uploads\/2017\/09\/5.png\" class=\"\" alt=\"\" \/>    <\/div>\n<\/div><\/div><div class=\"kc-elm kc-css-306712 kc_col-sm-2 kc_column_inner kc_col-sm-2\"><div class=\"kc_wrapper kc-col-inner-container\"><div class=\"kc-elm kc-css-151455 kc_shortcode kc_single_image\">\n\n        <img decoding=\"async\" src=\"https:\/\/fundacionenter.org\/wp-content\/uploads\/2017\/09\/3.png\" class=\"\" alt=\"\" \/>    <\/div>\n<\/div><\/div><div class=\"kc-elm kc-css-402193 kc_col-sm-2 kc_column_inner kc_col-sm-2\"><div class=\"kc_wrapper kc-col-inner-container\"><div class=\"kc-elm kc-css-519658 kc_shortcode kc_single_image\">\n\n        <img decoding=\"async\" src=\"https:\/\/fundacionenter.org\/wp-content\/uploads\/2017\/09\/2.png\" class=\"\" alt=\"\" \/>    <\/div>\n<\/div><\/div><div class=\"kc-elm kc-css-974208 kc_col-sm-2 kc_column_inner kc_col-sm-2\"><div class=\"kc_wrapper kc-col-inner-container\"><div class=\"kc-elm kc-css-447937 kc_shortcode kc_single_image\">\n\n        <img decoding=\"async\" src=\"https:\/\/fundacionenter.org\/wp-content\/uploads\/2017\/09\/1.png\" class=\"\" alt=\"\" \/>    <\/div>\n<\/div><\/div><\/div><div class=\"kc-elm kc-css-667037\" style=\"height: 70px; clear: both; width:100%;\"><\/div><\/div><\/div><\/div><\/div><\/section><\/p>\n","protected":false},"excerpt":{"rendered":"","protected":false},"author":1,"featured_media":0,"parent":0,"menu_order":0,"comment_status":"closed","ping_status":"closed","template":"template-home.php","meta":{"_monsterinsights_skip_tracking":false,"_monsterinsights_sitenote_active":false,"_monsterinsights_sitenote_note":"","_monsterinsights_sitenote_category":0,"footnotes":""},"class_list":["post-218","page","type-page","status-publish","hentry"],"aioseo_notices":[],"_links":{"self":[{"href":"https:\/\/fundacionenter.org\/index.php\/wp-json\/wp\/v2\/pages\/218","targetHints":{"allow":["GET"]}}],"collection":[{"href":"https:\/\/fundacionenter.org\/index.php\/wp-json\/wp\/v2\/pages"}],"about":[{"href":"https:\/\/fundacionenter.org\/index.php\/wp-json\/wp\/v2\/types\/page"}],"author":[{"embeddable":true,"href":"https:\/\/fundacionenter.org\/index.php\/wp-json\/wp\/v2\/users\/1"}],"replies":[{"embeddable":true,"href":"https:\/\/fundacionenter.org\/index.php\/wp-json\/wp\/v2\/comments?post=218"}],"version-history":[{"count":26,"href":"https:\/\/fundacionenter.org\/index.php\/wp-json\/wp\/v2\/pages\/218\/revisions"}],"predecessor-version":[{"id":541,"href":"https:\/\/fundacionenter.org\/index.php\/wp-json\/wp\/v2\/pages\/218\/revisions\/541"}],"wp:attachment":[{"href":"https:\/\/fundacionenter.org\/index.php\/wp-json\/wp\/v2\/media?parent=218"}],"curies":[{"name":"wp","href":"https:\/\/api.w.org\/{rel}","templated":true}]}}